{"id":23611,"date":"2020-12-01T00:00:57","date_gmt":"2020-11-30T23:00:57","guid":{"rendered":"https:\/\/stephanprossliner.it\/contact\/"},"modified":"2021-02-05T18:33:39","modified_gmt":"2021-02-05T17:33:39","slug":"contact","status":"publish","type":"page","link":"https:\/\/stephanprossliner.it\/en\/contact\/","title":{"rendered":"Contact"},"content":{"rendered":"<div class=\"wpb-content-wrapper\"><p>[vc_row row_type=&#8221;row&#8221; use_row_as_full_screen_section=&#8221;no&#8221; type=&#8221;full_width&#8221; text_align=&#8221;left&#8221; background_animation=&#8221;none&#8221; css_animation=&#8221;&#8221;][vc_column width=&#8221;1\/5&#8243; offset=&#8221;vc_col-lg-1\/5 vc_col-md-1\/5&#8243;][vc_column_text css=&#8221;.vc_custom_1606930415004{padding-bottom: 5px !important;}&#8221;]<\/p>\n<h2 style=\"text-align: center;\">CONTACT<\/h2>\n<p>[\/vc_column_text][\/vc_column][vc_column width=&#8221;4\/5&#8243; offset=&#8221;vc_col-lg-2\/5 vc_col-md-2\/5&#8243;][vc_column_text]<\/p>\n<h5><strong>Studio<\/strong><br \/>\nCitt\u00e0 Alta 67<br \/>\nI &#8211; 39043 Chiusa (BZ)<\/h5>\n<p>&nbsp;<\/p>\n<h5><strong>Registered office<\/strong><br \/>\nVia Langrain 24<br \/>\nI &#8211; 39043 Chiusa (BZ)<\/h5>\n<p>&nbsp;<\/p>\n<p>VAT.No. IT02592760215<br \/>\nRecipient Code M5UXCR1<\/p>\n<p>&nbsp;<\/p>\n<p>Mobil \u00a0<a href=\"tel:+39-348-9385129\">+39 348 9385129<\/a><br \/>\nEmail \u00a0<a href=\"mailto:info@stephanprossliner.it\">info@stephanprossliner.it<\/a><\/p>\n<p>&nbsp;<\/p>\n<p>PEC <a href=\"mailto:stephan.prossliner@archiworldpec.it\">stephan.prossliner@archiworldpec.it<\/a><\/p>\n<p>&nbsp;<\/p>\n<p><a href=\"https:\/\/stephanprossliner.it\/en\/imprint-and-privacy\/\">Imprint and privacy<\/a>[\/vc_column_text][\/vc_column][vc_column width=&#8221;4\/5&#8243; offset=&#8221;vc_col-lg-2\/5 vc_col-md-offset-0 vc_col-md-2\/5 vc_col-sm-offset-1\/5 vc_col-xs-12&#8243;][vc_single_image image=&#8221;22634&#8243; img_size=&#8221;full&#8221; alignment=&#8221;right&#8221; onclick=&#8221;custom_link&#8221; img_link_target=&#8221;_blank&#8221; qode_css_animation=&#8221;&#8221; link=&#8221;<a href=\"https:\/\/goo.gl\/maps\/8B3FckF2H3Sk8pSi9&#038;#8243\" rel=\"nofollow\">https:\/\/goo.gl\/maps\/8B3FckF2H3Sk8pSi9&#038;#8243<\/a>; el_class=&#8221;bild&#8221;][\/vc_column][\/vc_row][vc_row row_type=&#8221;row&#8221; use_row_as_full_screen_section=&#8221;no&#8221; type=&#8221;full_width&#8221; text_align=&#8221;left&#8221; background_animation=&#8221;none&#8221; padding_bottom=&#8221;0&#8243; css_animation=&#8221;&#8221;][vc_column][vc_empty_space height=&#8221;50px&#8221;][\/vc_column][\/vc_row][vc_row row_type=&#8221;row&#8221; use_row_as_full_screen_section=&#8221;no&#8221; type=&#8221;full_width&#8221; text_align=&#8221;left&#8221; background_animation=&#8221;none&#8221; padding_bottom=&#8221;0&#8243; css_animation=&#8221;&#8221;][vc_column offset=&#8221;vc_hidden-md vc_hidden-sm vc_hidden-xs&#8221;][vc_empty_space height=&#8221;80px&#8221;][\/vc_column][\/vc_row]<\/p>\n<\/div>","protected":false},"excerpt":{"rendered":"<p>[vc_row row_type=&#8221;row&#8221; use_row_as_full_screen_section=&#8221;no&#8221; type=&#8221;full_width&#8221; text_align=&#8221;left&#8221; background_animation=&#8221;none&#8221; css_animation=&#8221;&#8221;][vc_column width=&#8221;1\/5&#8243; offset=&#8221;vc_col-lg-1\/5 vc_col-md-1\/5&#8243;][vc_column_text css=&#8221;.vc_custom_1606930415004{padding-bottom: 5px !important;}&#8221;] CONTACT [\/vc_column_text][\/vc_column][vc_column width=&#8221;4\/5&#8243; offset=&#8221;vc_col-lg-2\/5 vc_col-md-2\/5&#8243;][vc_column_text] Studio Citt\u00e0 Alta 67 I &#8211; 39043 Chiusa (BZ) &nbsp; Registered office Via Langrain 24 I &#8211; 39043 Chiusa (BZ) &nbsp; VAT.No. IT02592760215 Recipient Code M5UXCR1 &nbsp;&#8230;<\/p>\n","protected":false},"author":188199530,"featured_media":0,"parent":0,"menu_order":0,"comment_status":"closed","ping_status":"closed","template":"full_width.php","meta":{"_coblocks_attr":"","_coblocks_dimensions":"","_coblocks_responsive_height":"","_coblocks_accordion_ie_support":"","_crdt_document":"","_monsterinsights_skip_tracking":false,"_monsterinsights_sitenote_active":false,"_monsterinsights_sitenote_note":"","_monsterinsights_sitenote_category":0,"footnotes":""},"class_list":["post-23611","page","type-page","status-publish","hentry"],"yoast_head":"<!-- This site is optimized with the Yoast SEO plugin v27.4 - https:\/\/yoast.com\/product\/yoast-seo-wordpress\/ -->\n<title>Contact - Stephan Prossliner - Architektur und Interior - Klausen S\u00fcdtirol Italien<\/title>\n<meta name=\"description\" content=\"Stephan Prossliner your architecture and design studio based in Klausen, South Tyrol. We are looking forward to exciting projects.\" \/>\n<meta name=\"robots\" content=\"index, follow, max-snippet:-1, max-image-preview:large, max-video-preview:-1\" \/>\n<link rel=\"canonical\" href=\"https:\/\/stephanprossliner.it\/en\/contact\/\" \/>\n<meta property=\"og:locale\" content=\"en_US\" \/>\n<meta property=\"og:type\" content=\"article\" \/>\n<meta property=\"og:title\" content=\"Contact - Stephan Prossliner - Architektur und Interior - Klausen S\u00fcdtirol Italien\" \/>\n<meta property=\"og:description\" content=\"Stephan Prossliner your architecture and design studio based in Klausen, South Tyrol. We are looking forward to exciting projects.\" \/>\n<meta property=\"og:url\" content=\"https:\/\/stephanprossliner.it\/en\/contact\/\" \/>\n<meta property=\"og:site_name\" content=\"Stephan Prossliner - Architektur und Interior - Klausen S\u00fcdtirol Italien\" \/>\n<meta property=\"article:modified_time\" content=\"2021-02-05T17:33:39+00:00\" \/>\n<meta name=\"twitter:card\" content=\"summary_large_image\" \/>\n<meta name=\"twitter:label1\" content=\"Est. reading time\" \/>\n\t<meta name=\"twitter:data1\" content=\"1 minute\" \/>\n<script type=\"application\/ld+json\" class=\"yoast-schema-graph\">{\"@context\":\"https:\\\/\\\/schema.org\",\"@graph\":[{\"@type\":\"WebPage\",\"@id\":\"https:\\\/\\\/stephanprossliner.it\\\/en\\\/contact\\\/\",\"url\":\"https:\\\/\\\/stephanprossliner.it\\\/en\\\/contact\\\/\",\"name\":\"Contact - Stephan Prossliner - Architektur und Interior - Klausen S\u00fcdtirol Italien\",\"isPartOf\":{\"@id\":\"https:\\\/\\\/stephanprossliner.it\\\/en\\\/#website\"},\"datePublished\":\"2020-11-30T23:00:57+00:00\",\"dateModified\":\"2021-02-05T17:33:39+00:00\",\"description\":\"Stephan Prossliner your architecture and design studio based in Klausen, South Tyrol. We are looking forward to exciting projects.\",\"breadcrumb\":{\"@id\":\"https:\\\/\\\/stephanprossliner.it\\\/en\\\/contact\\\/#breadcrumb\"},\"inLanguage\":\"en-US\",\"potentialAction\":[{\"@type\":\"ReadAction\",\"target\":[\"https:\\\/\\\/stephanprossliner.it\\\/en\\\/contact\\\/\"]}]},{\"@type\":\"BreadcrumbList\",\"@id\":\"https:\\\/\\\/stephanprossliner.it\\\/en\\\/contact\\\/#breadcrumb\",\"itemListElement\":[{\"@type\":\"ListItem\",\"position\":1,\"name\":\"Startseite\",\"item\":\"https:\\\/\\\/stephanprossliner.it\\\/en\\\/\"},{\"@type\":\"ListItem\",\"position\":2,\"name\":\"Contact\"}]},{\"@type\":\"WebSite\",\"@id\":\"https:\\\/\\\/stephanprossliner.it\\\/en\\\/#website\",\"url\":\"https:\\\/\\\/stephanprossliner.it\\\/en\\\/\",\"name\":\"Stephan Prossliner - Architektur und Interior - Klausen S\u00fcdtirol Italien\",\"description\":\"Stephan Prossliner entwirft Geb\u00e4ude und Innenr\u00e4ume mit einer klaren Architektursprache, viel Liebe zum Detail und nat\u00fcrliche Materialien.\",\"publisher\":{\"@id\":\"https:\\\/\\\/stephanprossliner.it\\\/en\\\/#organization\"},\"potentialAction\":[{\"@type\":\"SearchAction\",\"target\":{\"@type\":\"EntryPoint\",\"urlTemplate\":\"https:\\\/\\\/stephanprossliner.it\\\/en\\\/?s={search_term_string}\"},\"query-input\":{\"@type\":\"PropertyValueSpecification\",\"valueRequired\":true,\"valueName\":\"search_term_string\"}}],\"inLanguage\":\"en-US\"},{\"@type\":\"Organization\",\"@id\":\"https:\\\/\\\/stephanprossliner.it\\\/en\\\/#organization\",\"name\":\"Stephan Prossliner - Architektur und Interior\",\"url\":\"https:\\\/\\\/stephanprossliner.it\\\/en\\\/\",\"logo\":{\"@type\":\"ImageObject\",\"inLanguage\":\"en-US\",\"@id\":\"https:\\\/\\\/stephanprossliner.it\\\/en\\\/#\\\/schema\\\/logo\\\/image\\\/\",\"url\":\"https:\\\/\\\/stephanprossliner.it\\\/wp-content\\\/uploads\\\/2020\\\/11\\\/201128_logo_header.png\",\"contentUrl\":\"https:\\\/\\\/stephanprossliner.it\\\/wp-content\\\/uploads\\\/2020\\\/11\\\/201128_logo_header.png\",\"width\":484,\"height\":158,\"caption\":\"Stephan Prossliner - Architektur und Interior\"},\"image\":{\"@id\":\"https:\\\/\\\/stephanprossliner.it\\\/en\\\/#\\\/schema\\\/logo\\\/image\\\/\"},\"sameAs\":[\"https:\\\/\\\/www.instagram.com\\\/stephanprosslinerarchitekt\\\/\"]}]}<\/script>\n<!-- \/ Yoast SEO plugin. -->","yoast_head_json":{"title":"Contact - Stephan Prossliner - Architektur und Interior - Klausen S\u00fcdtirol Italien","description":"Stephan Prossliner your architecture and design studio based in Klausen, South Tyrol. We are looking forward to exciting projects.","robots":{"index":"index","follow":"follow","max-snippet":"max-snippet:-1","max-image-preview":"max-image-preview:large","max-video-preview":"max-video-preview:-1"},"canonical":"https:\/\/stephanprossliner.it\/en\/contact\/","og_locale":"en_US","og_type":"article","og_title":"Contact - Stephan Prossliner - Architektur und Interior - Klausen S\u00fcdtirol Italien","og_description":"Stephan Prossliner your architecture and design studio based in Klausen, South Tyrol. We are looking forward to exciting projects.","og_url":"https:\/\/stephanprossliner.it\/en\/contact\/","og_site_name":"Stephan Prossliner - Architektur und Interior - Klausen S\u00fcdtirol Italien","article_modified_time":"2021-02-05T17:33:39+00:00","twitter_card":"summary_large_image","twitter_misc":{"Est. reading time":"1 minute"},"schema":{"@context":"https:\/\/schema.org","@graph":[{"@type":"WebPage","@id":"https:\/\/stephanprossliner.it\/en\/contact\/","url":"https:\/\/stephanprossliner.it\/en\/contact\/","name":"Contact - Stephan Prossliner - Architektur und Interior - Klausen S\u00fcdtirol Italien","isPartOf":{"@id":"https:\/\/stephanprossliner.it\/en\/#website"},"datePublished":"2020-11-30T23:00:57+00:00","dateModified":"2021-02-05T17:33:39+00:00","description":"Stephan Prossliner your architecture and design studio based in Klausen, South Tyrol. We are looking forward to exciting projects.","breadcrumb":{"@id":"https:\/\/stephanprossliner.it\/en\/contact\/#breadcrumb"},"inLanguage":"en-US","potentialAction":[{"@type":"ReadAction","target":["https:\/\/stephanprossliner.it\/en\/contact\/"]}]},{"@type":"BreadcrumbList","@id":"https:\/\/stephanprossliner.it\/en\/contact\/#breadcrumb","itemListElement":[{"@type":"ListItem","position":1,"name":"Startseite","item":"https:\/\/stephanprossliner.it\/en\/"},{"@type":"ListItem","position":2,"name":"Contact"}]},{"@type":"WebSite","@id":"https:\/\/stephanprossliner.it\/en\/#website","url":"https:\/\/stephanprossliner.it\/en\/","name":"Stephan Prossliner - Architektur und Interior - Klausen S\u00fcdtirol Italien","description":"Stephan Prossliner entwirft Geb\u00e4ude und Innenr\u00e4ume mit einer klaren Architektursprache, viel Liebe zum Detail und nat\u00fcrliche Materialien.","publisher":{"@id":"https:\/\/stephanprossliner.it\/en\/#organization"},"potentialAction":[{"@type":"SearchAction","target":{"@type":"EntryPoint","urlTemplate":"https:\/\/stephanprossliner.it\/en\/?s={search_term_string}"},"query-input":{"@type":"PropertyValueSpecification","valueRequired":true,"valueName":"search_term_string"}}],"inLanguage":"en-US"},{"@type":"Organization","@id":"https:\/\/stephanprossliner.it\/en\/#organization","name":"Stephan Prossliner - Architektur und Interior","url":"https:\/\/stephanprossliner.it\/en\/","logo":{"@type":"ImageObject","inLanguage":"en-US","@id":"https:\/\/stephanprossliner.it\/en\/#\/schema\/logo\/image\/","url":"https:\/\/stephanprossliner.it\/wp-content\/uploads\/2020\/11\/201128_logo_header.png","contentUrl":"https:\/\/stephanprossliner.it\/wp-content\/uploads\/2020\/11\/201128_logo_header.png","width":484,"height":158,"caption":"Stephan Prossliner - Architektur und Interior"},"image":{"@id":"https:\/\/stephanprossliner.it\/en\/#\/schema\/logo\/image\/"},"sameAs":["https:\/\/www.instagram.com\/stephanprosslinerarchitekt\/"]}]}},"jetpack_likes_enabled":false,"jetpack_sharing_enabled":true,"jetpack_shortlink":"https:\/\/wp.me\/Pc73qR-68P","amp_enabled":false,"_links":{"self":[{"href":"https:\/\/stephanprossliner.it\/en\/wp-json\/wp\/v2\/pages\/23611","targetHints":{"allow":["GET"]}}],"collection":[{"href":"https:\/\/stephanprossliner.it\/en\/wp-json\/wp\/v2\/pages"}],"about":[{"href":"https:\/\/stephanprossliner.it\/en\/wp-json\/wp\/v2\/types\/page"}],"author":[{"embeddable":true,"href":"https:\/\/stephanprossliner.it\/en\/wp-json\/wp\/v2\/users\/188199530"}],"replies":[{"embeddable":true,"href":"https:\/\/stephanprossliner.it\/en\/wp-json\/wp\/v2\/comments?post=23611"}],"version-history":[{"count":10,"href":"https:\/\/stephanprossliner.it\/en\/wp-json\/wp\/v2\/pages\/23611\/revisions"}],"predecessor-version":[{"id":24075,"href":"https:\/\/stephanprossliner.it\/en\/wp-json\/wp\/v2\/pages\/23611\/revisions\/24075"}],"wp:attachment":[{"href":"https:\/\/stephanprossliner.it\/en\/wp-json\/wp\/v2\/media?parent=23611"}],"curies":[{"name":"wp","href":"https:\/\/api.w.org\/{rel}","templated":true}]}}