{"id":23981,"date":"2021-02-03T15:23:07","date_gmt":"2021-02-03T14:23:07","guid":{"rendered":"https:\/\/stephanprossliner.it\/colophon-e-privacy\/"},"modified":"2021-02-03T15:23:08","modified_gmt":"2021-02-03T14:23:08","slug":"colophon-e-privacy","status":"publish","type":"page","link":"https:\/\/stephanprossliner.it\/it\/colophon-e-privacy\/","title":{"rendered":"Colophon e privacy"},"content":{"rendered":"<div class=\"wpb-content-wrapper\"><p>[vc_row row_type=&#8221;row&#8221; use_row_as_full_screen_section=&#8221;no&#8221; type=&#8221;full_width&#8221; text_align=&#8221;left&#8221; background_animation=&#8221;none&#8221; css_animation=&#8221;&#8221;][vc_column width=&#8221;1\/5&#8243;][vc_column_text css=&#8221;.vc_custom_1609238752387{padding-bottom: 5px !important;}&#8221;]<\/p>\n<h2 style=\"text-align: center;\">Colophon<\/h2>\n<p>[\/vc_column_text][\/vc_column][vc_column width=&#8221;3\/5&#8243;][vc_column_text]<\/p>\n<h5><strong>Responsabile per i contenuti<\/strong><\/h5>\n<p>Architetto Stephan Prossliner<br \/>\nMembro dell&#8217;Ordine degli Architetti di Bolzano<\/p>\n<p>&nbsp;<\/p>\n<h5><strong>Nota sul copyright<\/strong><\/h5>\n<p>I contributi testuali e le illustrazioni contenute nel sito web sono protetti dal diritto d&#8217;autore. Il copyright \u00e8 di Stephan Prossliner, i fotografi o gli illustratori. Tutte le parti del sito web sono soggette al diritto d&#8217;autore e sono protette dal diritto d&#8217;autore. Qualsiasi utilizzo richiede il consenso scritto di Stephan Prossliner.<\/p>\n<p>&nbsp;<\/p>\n<h5><strong>Nota di responsabilit\u00e0<\/strong><\/h5>\n<p>Si precisa inoltre espressamente che non abbiamo alcuna influenza sul contenuto o sul design delle pagine collegate da questo sito web. Pertanto non ci prendiamo alcuna responsabilit\u00e0 o garanzia per il contenuto delle pagine collegate. Ci distanziamo espressamente dall&#8217;opinione espressa delle pagine collegate, poich\u00e9 ci\u00f2 non pu\u00f2 corrispondere alla nostra opinione.[\/vc_column_text][\/vc_column][vc_column width=&#8221;1\/5&#8243; offset=&#8221;vc_hidden-sm&#8221;][\/vc_column][\/vc_row][vc_row row_type=&#8221;row&#8221; use_row_as_full_screen_section=&#8221;no&#8221; type=&#8221;full_width&#8221; text_align=&#8221;left&#8221; background_animation=&#8221;none&#8221; padding_bottom=&#8221;0&#8243; css_animation=&#8221;&#8221;][vc_column][vc_empty_space height=&#8221;50px&#8221;][\/vc_column][\/vc_row][vc_row row_type=&#8221;row&#8221; use_row_as_full_screen_section=&#8221;no&#8221; type=&#8221;full_width&#8221; text_align=&#8221;left&#8221; background_animation=&#8221;none&#8221; css_animation=&#8221;&#8221;][vc_column width=&#8221;1\/5&#8243;][vc_column_text css=&#8221;.vc_custom_1609238748144{padding-bottom: 5px !important;}&#8221;]<\/p>\n<h2 style=\"text-align: center;\">Privacy<\/h2>\n<p>[\/vc_column_text][\/vc_column][vc_column width=&#8221;3\/5&#8243;][vc_column_text]<\/p>\n<h5><strong>Dichiarazione sull&#8217;obbligo di informazione<\/strong><\/h5>\n<p>La protezione dei vostri dati personali ci sta particolarmente a cuore. Pertanto trattiamo i vostri dati esclusivamente sulla base delle disposizioni di legge della direttiva UE n. 679\/2016 (di seguito DSGVO). In queste informazioni sulla protezione dei dati, vi informiamo sugli aspetti pi\u00f9 importanti del trattamento dei dati nell&#8217;ambito del nostro sito web. Vengono trattati i dati personali di clienti e fornitori, nonch\u00e9 i dati di soggetti che comunicano volontariamente (personalmente, telefonicamente o via fax o via e-mail) alla nostra azienda i loro dati anagrafici, anche mediante registrazione al nostro sito web, nonch\u00e9 i dati di soggetti i cui dati sono stati raccolti presso terzi, ad esempio nella raccolta di dati esterni per informazioni commerciali, elenchi pubblici, ecc.<\/p>\n<p>&nbsp;<\/p>\n<h5><strong>Scopo del trattamento dei dati<\/strong><\/h5>\n<p>Il trattamento dei dati viene effettuato esclusivamente per le seguenti finalit\u00e0:<\/p>\n<ol>\n<li>Adempimento degli obblighi previsti dalla normativa e dalle leggi applicabili, compresi gli obblighi fiscali e contabili<\/li>\n<li>Adempimento degli obblighi contrattuali nei confronti degli interessati<\/li>\n<li>Svolgere attivit\u00e0 legate all&#8217;attivit\u00e0 della nostra azienda, come la compilazione di statistiche interne, la contabilit\u00e0, la tenuta della contabilit\u00e0 clienti e fornitori<\/li>\n<li>Preparazione di preventivi<\/li>\n<li>Invio di newsletter<\/li>\n<li>Preparazione delle statistiche interne<\/li>\n<\/ol>\n<p>&nbsp;<\/p>\n<h5><strong>Basi legali per l&#8217;elaborazione dei dati<\/strong><\/h5>\n<p>Il trattamento dei dati viene effettuato nel rispetto delle disposizioni di legge e si basa sulle seguenti basi legali ai sensi degli art. 6 e 7 della DSGVO: Il trattamento dei dati viene effettuato per l&#8217;esecuzione dei servizi concordati, per l&#8217;attuazione delle misure contrattuali e per rispondere alle richieste, per adempiere agli obblighi di legge e per la tutela dei legittimi interessi, nonch\u00e9 sulla base del consenso degli interessati.<\/p>\n<p>&nbsp;<\/p>\n<h5><strong>Modalit\u00e0 di elaborazione dei dati<\/strong><\/h5>\n<p>Il trattamento dei dati pu\u00f2 essere effettuato con o senza l&#8217;ausilio di mezzi elettronici e comunque automatizzati e comporta la raccolta, la conservazione, l&#8217;organizzazione, la conservazione, la consultazione, la consultazione, l&#8217;elaborazione in senso stretto, la modificazione, la selezione, l&#8217;estrazione, il raffronto, l&#8217;utilizzo, l&#8217;interconnessione, il blocco, la comunicazione, la cancellazione e la conservazione dei dati.<br \/>\nIl trattamento dei dati \u00e8 effettuato sia dal titolare del trattamento che dai responsabili del trattamento e dai terzi incaricati dal titolare del trattamento per il perseguimento delle finalit\u00e0 di cui al punto 3 o nei casi in cui ci\u00f2 sia regolato dalla legge. Il responsabile del trattamento dei dati ha assicurato che anche gli incaricati del trattamento e i terzi trattino i dati personali in conformit\u00e0 con il GDPR.<br \/>\nI dati saranno comunicati a persone fisiche e\/o giuridiche nazionali e\/o estere secondo necessit\u00e0, purch\u00e9 ci\u00f2 serva all&#8217;esercizio delle attivit\u00e0 e delle finalit\u00e0 previste al punto 3. Tuttavia, non ci sar\u00e0 una diffusione generale dei dati personali.<\/p>\n<p>&nbsp;<\/p>\n<h5><strong>Informativa sulla privacy per l&#8217;utilizzo di Google Analytics Analytics<\/strong><\/h5>\n<p>Questo sito web utilizza Google Analytics, un servizio di analisi web fornito da Google, Inc. (&#8220;Google&#8221;). Google Analytics utilizza dei &#8220;cookies&#8221;, che sono file di testo che vengono depositati sul vostro computer per consentire al sito web di analizzare come gli utenti utilizzano il sito. Le informazioni generate dal cookie sull&#8217;utilizzo del sito web da parte dell&#8217;utente vengono trasmesse a un server di Google negli Stati Uniti, dove vengono memorizzate. Nel caso in cui l&#8217;anonimizzazione dell&#8217;IP sia attivata su questo sito web, tuttavia, il vostro indirizzo IP sar\u00e0 troncato in precedenza da Google all&#8217;interno degli stati membri dell&#8217;Unione Europea o in altri stati contraenti dell&#8217;Accordo sullo Spazio Economico Europeo.<br \/>\nSolo in casi eccezionali l&#8217;indirizzo IP completo verr\u00e0 trasmesso a un server di Google negli USA e l\u00ec abbreviato. Su incarico del gestore di questo sito web, Google utilizzer\u00e0 queste informazioni allo scopo di tracciare e esaminare il Vostro utilizzo del sito web, compilare report sulle attivit\u00e0 del sito web e fornire altri servizi relativi alle attivit\u00e0 del sito web e all&#8217;utilizzo di Internet. L&#8217;indirizzo IP trasmesso dal vostro browser nell&#8217;ambito di Google Analytics non verr\u00e0 unito ad altri dati di Google.<br \/>\nPotete rifiutarvi di usare i cookies selezionando l&#8217;impostazione appropriata sul vostro browser, tuttavia vi preghiamo di notare che se lo fate potreste non essere in grado di utilizzare tutte le funzionalit\u00e0 di questo sito web. Potete anche impedire il rilevamento dei dati generati dal cookie e relativi al vostro utilizzo del sito web (compreso il vostro indirizzo IP) a Google e l&#8217;elaborazione di questi dati da parte di Google scaricando e installando il plugin del browser disponibile al seguente link: <a href=\"https:\/\/tools.google.com\/dlpage\/gaoptout?hl=de\">https:\/\/tools.google.com\/dlpage\/gaoptout?hl=de<\/a>.<br \/>\nCookie-Richtlinie Google Analytics:\u00a0<a href=\"https:\/\/www.google.de\/policies\/privacy\/\">https:\/\/www.google.de\/policies\/privacy\/<\/a><\/p>\n<h5><\/h5>\n<p>&nbsp;<\/p>\n<h5><strong>Informativa sulla privacy per l&#8217;utilizzo dei plugin di Facebook (pulsante &#8220;Mi piace&#8221;)<\/strong><\/h5>\n<p>Sulle nostre pagine sono integrati i plugin del social network Facebook, 1601 South California Avenue, Palo Alto, CA 94304, USA. I plugin di Facebook sono riconoscibili dal logo di Facebook o dal pulsante &#8220;Mi piace&#8221; (&#8220;Mi piace&#8221;) sulla nostra pagina. Una panoramica dei plugin di Facebook \u00e8 disponibile qui: <a href=\"https:\/\/developers.facebook.com\/docs\/plugins\/\" rel=\"nofollow\">https:\/\/developers.facebook.com\/docs\/plugins\/<\/a>.<br \/>\nQuando visitate le nostre pagine, viene stabilita una connessione diretta tra il vostro browser e il server di Facebook tramite il plugin. Facebook riceve cos\u00ec le informazioni che avete visitato il nostro sito con il vostro indirizzo IP. Se cliccate sul pulsante &#8220;Mi piace&#8221; di Facebook mentre siete collegati al vostro account Facebook, potete collegare il contenuto delle nostre pagine al vostro profilo Facebook. Questo permette a Facebook di associare la visita alle nostre pagine con il vostro account utente. Desideriamo sottolineare che noi, in qualit\u00e0 di fornitori delle pagine, non siamo a conoscenza del contenuto dei dati trasmessi e del loro utilizzo da parte di Facebook. Potete trovare maggiori informazioni su questo argomento nella politica sulla privacy di facebook all&#8217;indirizzo <a href=\"https:\/\/de-de.facebook.com\/policy.php\" rel=\"nofollow\">https:\/\/de-de.facebook.com\/policy.php<\/a>.<br \/>\nSe non volete che Facebook possa associare la vostra visita alle nostre pagine con il vostro account utente di Facebook, vi preghiamo di uscire dal vostro account utente di Facebook.<\/p>\n<p>Politica dei cookie di Facebook: <a href=\"https:\/\/de-de.facebook.com\/about\/privacy\/cookies\" rel=\"nofollow\">https:\/\/de-de.facebook.com\/about\/privacy\/cookies<\/a><\/p>\n<p>&nbsp;<\/p>\n<h5><strong>Informativa sulla privacy per l&#8217;utilizzo di Instagram<\/strong><\/h5>\n<p>I plugin sociali di Instagram LLC, 1601 Willow Road, Menlo Park, CA 94025 USA sono utilizzati su questo sito web. Questi plugin sono contrassegnati da un logo Instagram. Tramite questi plugin viene stabilito un collegamento diretto tra il browser dell&#8217;interessato e il server Instagram, che si trova negli USA, e Instagram riceve l&#8217;informazione che l&#8217;interessato ha richiamato la pagina corrispondente. Se l&#8217;interessato \u00e8 registrato su Instagram, Instagram pu\u00f2 assegnare direttamente i dati corrispondenti al rispettivo conto. Ulteriori informazioni relative allo scopo e all&#8217;entit\u00e0 della raccolta dei dati da parte di Instagram, nonch\u00e9 all&#8217;ulteriore trattamento dei dati sono contenute nella politica sulla privacy di Instagram. <a href=\"https:\/\/help.instagram.com\/519522125107875?helpref=page_content\">https:\/\/help.instagram.com\/519522125107875?helpref=page_content<\/a>.<\/p>\n<p>&nbsp;<\/p>\n<h5><strong>Informativa sulla privacy per l&#8217;utilizzo di Twitter<\/strong><\/h5>\n<p>Le funzioni del servizio Twitter sono integrate nelle nostre pagine. Queste funzioni sono offerte da Twitter Inc, 795 Folsom St, Suite 600, San Francisco, CA 94107, USA. Utilizzando Twitter e la funzione &#8220;Re-Tweet&#8221;, le pagine web visitate vengono collegate al vostro account Twitter e rese note agli altri utenti. Nel processo, i dati vengono trasferiti anche su Twitter.<br \/>\nDesideriamo sottolineare che noi, in qualit\u00e0 di fornitori delle pagine, non abbiamo alcuna conoscenza del contenuto dei dati trasmessi n\u00e9 del loro utilizzo da parte di Twitter. Per ulteriori informazioni, consultare l&#8217;informativa sulla privacy di Twitter all&#8217;indirizzo <a href=\"https:\/\/twitter.com\/privacy\" rel=\"nofollow\">https:\/\/twitter.com\/privacy<\/a>.<br \/>\n\u00c8 possibile modificare le impostazioni della privacy su Twitter nelle impostazioni dell&#8217;account all&#8217;indirizzo <a href=\"https:\/\/twitter.com\/account\/settings\" rel=\"nofollow\">https:\/\/twitter.com\/account\/settings<\/a>.<br \/>\nPolitica dei cookie Twitter: <a href=\"https:\/\/twitter.com\/privacy?lang=de\" rel=\"nofollow\">https:\/\/twitter.com\/privacy?lang=de<\/a><\/p>\n<p>&nbsp;<\/p>\n<h5><strong>Presenza sui social media<\/strong><\/h5>\n<p>Lo studio di architettura Stephan Prossliner gestisce presenze online all&#8217;interno di social network e piattaforme per poter comunicare con i clienti, le parti interessate e gli utenti attivi sul posto e per informarli sui propri servizi. Per il richiamo delle rispettive reti valgono le direttive sulla protezione dei dati dei rispettivi gestori.<\/p>\n<p>&nbsp;<\/p>\n<h5><strong>Cookies<\/strong><\/h5>\n<p>Il nostro sito web utilizza i cosiddetti cookie. Si tratta di piccoli file di testo che vengono memorizzati sul dispositivo finale con l&#8217;aiuto del browser. Non causano alcun danno. Utilizziamo i cookie per rendere la nostra offerta di facile utilizzo. Alcuni cookie rimangono memorizzati sul vostro dispositivo finale fino a quando non li cancellate. Ci permettono di riconoscere il vostro browser alla vostra prossima visita. Se non lo desiderate, potete impostare il vostro browser in modo che vi informi sull&#8217;impostazione dei cookie e lo consentite solo in singoli casi. Se i cookie sono disattivati, la funzionalit\u00e0 del nostro sito web potrebbe essere limitata.<\/p>\n<p>&nbsp;<\/p>\n<h5><strong>Diritti dell&#8217;interessato<\/strong><\/h5>\n<p>Il DSGVO consente all&#8217;interessato di esercitare diritti specifici:<\/p>\n<ul>\n<li>Diritto di essere informato dal titolare del trattamento dei dati personali, nonch\u00e9 di rettifica o cancellazione o di limitazione del trattamento, e diritto di opporsi al trattamento.<\/li>\n<li>Diritto di ricevere dal titolare del trattamento i propri dati in forma strutturata e comprensibile, ove possibile anche ai fini del trasferimento dei dati ad un altro titolare.<\/li>\n<li>Diritto di revocare il consenso al trattamento dei dati in qualsiasi momento, a condizione che la liceit\u00e0 del trattamento si basi sul consenso dell&#8217;interessato, e senza pregiudicare la liceit\u00e0 del trattamento effettuato sulla base del consenso fino alla revoca.<\/li>\n<li>Diritto di presentare un reclamo all&#8217;autorit\u00e0 di controllo per il trattamento dei dati.<\/li>\n<\/ul>\n<p>&nbsp;<\/p>\n<p>I diritti previsti possono essere esercitati mediante comunicazione scritta inviata tramite posta elettronica certificata o raccomandata A.R..<\/p>\n<p>&nbsp;<\/p>\n<p>Informazioni obbligatorie ai sensi del regolamento UE n. 524\/2013 del Parlamento europeo e del Consiglio sulla piattaforma per la risoluzione delle controversie online (ODR) della Commissione europea: <a href=\"https:\/\/ec.europa.eu\/consumers\/odr\/\">https:\/\/ec.europa.eu\/consumers\/odr\/<\/a>[\/vc_column_text][\/vc_column][vc_column width=&#8221;1\/5&#8243;][\/vc_column][\/vc_row][vc_row row_type=&#8221;row&#8221; use_row_as_full_screen_section=&#8221;no&#8221; type=&#8221;full_width&#8221; text_align=&#8221;left&#8221; background_animation=&#8221;none&#8221; padding_bottom=&#8221;0&#8243; css_animation=&#8221;&#8221;][vc_column][vc_empty_space height=&#8221;100px&#8221;][\/vc_column][\/vc_row]<\/p>\n<\/div>","protected":false},"excerpt":{"rendered":"<p>[vc_row row_type=&#8221;row&#8221; use_row_as_full_screen_section=&#8221;no&#8221; type=&#8221;full_width&#8221; text_align=&#8221;left&#8221; background_animation=&#8221;none&#8221; css_animation=&#8221;&#8221;][vc_column width=&#8221;1\/5&#8243;][vc_column_text css=&#8221;.vc_custom_1609238752387{padding-bottom: 5px !important;}&#8221;] Colophon [\/vc_column_text][\/vc_column][vc_column width=&#8221;3\/5&#8243;][vc_column_text] Responsabile per i contenuti Architetto Stephan Prossliner Membro dell&#8217;Ordine degli Architetti di Bolzano &nbsp; Nota sul copyright I contributi testuali e le illustrazioni contenute nel sito web sono protetti dal diritto&#8230;<\/p>\n","protected":false},"author":188199530,"featured_media":0,"parent":0,"menu_order":0,"comment_status":"closed","ping_status":"closed","template":"full_width.php","meta":{"_coblocks_attr":"","_coblocks_dimensions":"","_coblocks_responsive_height":"","_coblocks_accordion_ie_support":"","_crdt_document":"","_monsterinsights_skip_tracking":false,"_monsterinsights_sitenote_active":false,"_monsterinsights_sitenote_note":"","_monsterinsights_sitenote_category":0,"footnotes":""},"class_list":["post-23981","page","type-page","status-publish","hentry"],"yoast_head":"<!-- This site is optimized with the Yoast SEO plugin v27.4 - https:\/\/yoast.com\/product\/yoast-seo-wordpress\/ -->\n<title>Colophon e privacy - Stephan Prossliner - Architektur und Interior - Klausen S\u00fcdtirol Italien<\/title>\n<meta name=\"description\" content=\"Colophon e privacy\" \/>\n<meta name=\"robots\" content=\"index, follow, max-snippet:-1, max-image-preview:large, max-video-preview:-1\" \/>\n<link rel=\"canonical\" href=\"https:\/\/stephanprossliner.it\/it\/colophon-e-privacy\/\" \/>\n<meta property=\"og:locale\" content=\"it_IT\" \/>\n<meta property=\"og:type\" content=\"article\" \/>\n<meta property=\"og:title\" content=\"Colophon e privacy - Stephan Prossliner - Architektur und Interior - Klausen S\u00fcdtirol Italien\" \/>\n<meta property=\"og:description\" content=\"Colophon e privacy\" \/>\n<meta property=\"og:url\" content=\"https:\/\/stephanprossliner.it\/it\/colophon-e-privacy\/\" \/>\n<meta property=\"og:site_name\" content=\"Stephan Prossliner - Architektur und Interior - Klausen S\u00fcdtirol Italien\" \/>\n<meta property=\"article:modified_time\" content=\"2021-02-03T14:23:08+00:00\" \/>\n<meta name=\"twitter:card\" content=\"summary_large_image\" \/>\n<meta name=\"twitter:label1\" content=\"Tempo di lettura stimato\" \/>\n\t<meta name=\"twitter:data1\" content=\"9 minuti\" \/>\n<script type=\"application\/ld+json\" class=\"yoast-schema-graph\">{\"@context\":\"https:\\\/\\\/schema.org\",\"@graph\":[{\"@type\":\"WebPage\",\"@id\":\"https:\\\/\\\/stephanprossliner.it\\\/it\\\/colophon-e-privacy\\\/\",\"url\":\"https:\\\/\\\/stephanprossliner.it\\\/it\\\/colophon-e-privacy\\\/\",\"name\":\"Colophon e privacy - Stephan Prossliner - Architektur und Interior - Klausen S\u00fcdtirol Italien\",\"isPartOf\":{\"@id\":\"https:\\\/\\\/stephanprossliner.it\\\/it\\\/#website\"},\"datePublished\":\"2021-02-03T14:23:07+00:00\",\"dateModified\":\"2021-02-03T14:23:08+00:00\",\"description\":\"Colophon e privacy\",\"breadcrumb\":{\"@id\":\"https:\\\/\\\/stephanprossliner.it\\\/it\\\/colophon-e-privacy\\\/#breadcrumb\"},\"inLanguage\":\"it-IT\",\"potentialAction\":[{\"@type\":\"ReadAction\",\"target\":[\"https:\\\/\\\/stephanprossliner.it\\\/it\\\/colophon-e-privacy\\\/\"]}]},{\"@type\":\"BreadcrumbList\",\"@id\":\"https:\\\/\\\/stephanprossliner.it\\\/it\\\/colophon-e-privacy\\\/#breadcrumb\",\"itemListElement\":[{\"@type\":\"ListItem\",\"position\":1,\"name\":\"Startseite\",\"item\":\"https:\\\/\\\/stephanprossliner.it\\\/it\\\/\"},{\"@type\":\"ListItem\",\"position\":2,\"name\":\"Colophon e privacy\"}]},{\"@type\":\"WebSite\",\"@id\":\"https:\\\/\\\/stephanprossliner.it\\\/it\\\/#website\",\"url\":\"https:\\\/\\\/stephanprossliner.it\\\/it\\\/\",\"name\":\"Stephan Prossliner - Architektur und Interior - Klausen S\u00fcdtirol Italien\",\"description\":\"Stephan Prossliner entwirft Geb\u00e4ude und Innenr\u00e4ume mit einer klaren Architektursprache, viel Liebe zum Detail und nat\u00fcrliche Materialien.\",\"publisher\":{\"@id\":\"https:\\\/\\\/stephanprossliner.it\\\/it\\\/#organization\"},\"potentialAction\":[{\"@type\":\"SearchAction\",\"target\":{\"@type\":\"EntryPoint\",\"urlTemplate\":\"https:\\\/\\\/stephanprossliner.it\\\/it\\\/?s={search_term_string}\"},\"query-input\":{\"@type\":\"PropertyValueSpecification\",\"valueRequired\":true,\"valueName\":\"search_term_string\"}}],\"inLanguage\":\"it-IT\"},{\"@type\":\"Organization\",\"@id\":\"https:\\\/\\\/stephanprossliner.it\\\/it\\\/#organization\",\"name\":\"Stephan Prossliner - Architektur und Interior\",\"url\":\"https:\\\/\\\/stephanprossliner.it\\\/it\\\/\",\"logo\":{\"@type\":\"ImageObject\",\"inLanguage\":\"it-IT\",\"@id\":\"https:\\\/\\\/stephanprossliner.it\\\/it\\\/#\\\/schema\\\/logo\\\/image\\\/\",\"url\":\"https:\\\/\\\/stephanprossliner.it\\\/wp-content\\\/uploads\\\/2020\\\/11\\\/201128_logo_header.png\",\"contentUrl\":\"https:\\\/\\\/stephanprossliner.it\\\/wp-content\\\/uploads\\\/2020\\\/11\\\/201128_logo_header.png\",\"width\":484,\"height\":158,\"caption\":\"Stephan Prossliner - Architektur und Interior\"},\"image\":{\"@id\":\"https:\\\/\\\/stephanprossliner.it\\\/it\\\/#\\\/schema\\\/logo\\\/image\\\/\"},\"sameAs\":[\"https:\\\/\\\/www.instagram.com\\\/stephanprosslinerarchitekt\\\/\"]}]}<\/script>\n<!-- \/ Yoast SEO plugin. -->","yoast_head_json":{"title":"Colophon e privacy - Stephan Prossliner - Architektur und Interior - Klausen S\u00fcdtirol Italien","description":"Colophon e privacy","robots":{"index":"index","follow":"follow","max-snippet":"max-snippet:-1","max-image-preview":"max-image-preview:large","max-video-preview":"max-video-preview:-1"},"canonical":"https:\/\/stephanprossliner.it\/it\/colophon-e-privacy\/","og_locale":"it_IT","og_type":"article","og_title":"Colophon e privacy - Stephan Prossliner - Architektur und Interior - Klausen S\u00fcdtirol Italien","og_description":"Colophon e privacy","og_url":"https:\/\/stephanprossliner.it\/it\/colophon-e-privacy\/","og_site_name":"Stephan Prossliner - Architektur und Interior - Klausen S\u00fcdtirol Italien","article_modified_time":"2021-02-03T14:23:08+00:00","twitter_card":"summary_large_image","twitter_misc":{"Tempo di lettura stimato":"9 minuti"},"schema":{"@context":"https:\/\/schema.org","@graph":[{"@type":"WebPage","@id":"https:\/\/stephanprossliner.it\/it\/colophon-e-privacy\/","url":"https:\/\/stephanprossliner.it\/it\/colophon-e-privacy\/","name":"Colophon e privacy - Stephan Prossliner - Architektur und Interior - Klausen S\u00fcdtirol Italien","isPartOf":{"@id":"https:\/\/stephanprossliner.it\/it\/#website"},"datePublished":"2021-02-03T14:23:07+00:00","dateModified":"2021-02-03T14:23:08+00:00","description":"Colophon e privacy","breadcrumb":{"@id":"https:\/\/stephanprossliner.it\/it\/colophon-e-privacy\/#breadcrumb"},"inLanguage":"it-IT","potentialAction":[{"@type":"ReadAction","target":["https:\/\/stephanprossliner.it\/it\/colophon-e-privacy\/"]}]},{"@type":"BreadcrumbList","@id":"https:\/\/stephanprossliner.it\/it\/colophon-e-privacy\/#breadcrumb","itemListElement":[{"@type":"ListItem","position":1,"name":"Startseite","item":"https:\/\/stephanprossliner.it\/it\/"},{"@type":"ListItem","position":2,"name":"Colophon e privacy"}]},{"@type":"WebSite","@id":"https:\/\/stephanprossliner.it\/it\/#website","url":"https:\/\/stephanprossliner.it\/it\/","name":"Stephan Prossliner - Architektur und Interior - Klausen S\u00fcdtirol Italien","description":"Stephan Prossliner entwirft Geb\u00e4ude und Innenr\u00e4ume mit einer klaren Architektursprache, viel Liebe zum Detail und nat\u00fcrliche Materialien.","publisher":{"@id":"https:\/\/stephanprossliner.it\/it\/#organization"},"potentialAction":[{"@type":"SearchAction","target":{"@type":"EntryPoint","urlTemplate":"https:\/\/stephanprossliner.it\/it\/?s={search_term_string}"},"query-input":{"@type":"PropertyValueSpecification","valueRequired":true,"valueName":"search_term_string"}}],"inLanguage":"it-IT"},{"@type":"Organization","@id":"https:\/\/stephanprossliner.it\/it\/#organization","name":"Stephan Prossliner - Architektur und Interior","url":"https:\/\/stephanprossliner.it\/it\/","logo":{"@type":"ImageObject","inLanguage":"it-IT","@id":"https:\/\/stephanprossliner.it\/it\/#\/schema\/logo\/image\/","url":"https:\/\/stephanprossliner.it\/wp-content\/uploads\/2020\/11\/201128_logo_header.png","contentUrl":"https:\/\/stephanprossliner.it\/wp-content\/uploads\/2020\/11\/201128_logo_header.png","width":484,"height":158,"caption":"Stephan Prossliner - Architektur und Interior"},"image":{"@id":"https:\/\/stephanprossliner.it\/it\/#\/schema\/logo\/image\/"},"sameAs":["https:\/\/www.instagram.com\/stephanprosslinerarchitekt\/"]}]}},"jetpack_likes_enabled":false,"jetpack_sharing_enabled":true,"jetpack_shortlink":"https:\/\/wp.me\/Pc73qR-6eN","amp_enabled":false,"_links":{"self":[{"href":"https:\/\/stephanprossliner.it\/it\/wp-json\/wp\/v2\/pages\/23981","targetHints":{"allow":["GET"]}}],"collection":[{"href":"https:\/\/stephanprossliner.it\/it\/wp-json\/wp\/v2\/pages"}],"about":[{"href":"https:\/\/stephanprossliner.it\/it\/wp-json\/wp\/v2\/types\/page"}],"author":[{"embeddable":true,"href":"https:\/\/stephanprossliner.it\/it\/wp-json\/wp\/v2\/users\/188199530"}],"replies":[{"embeddable":true,"href":"https:\/\/stephanprossliner.it\/it\/wp-json\/wp\/v2\/comments?post=23981"}],"version-history":[{"count":2,"href":"https:\/\/stephanprossliner.it\/it\/wp-json\/wp\/v2\/pages\/23981\/revisions"}],"predecessor-version":[{"id":23983,"href":"https:\/\/stephanprossliner.it\/it\/wp-json\/wp\/v2\/pages\/23981\/revisions\/23983"}],"wp:attachment":[{"href":"https:\/\/stephanprossliner.it\/it\/wp-json\/wp\/v2\/media?parent=23981"}],"curies":[{"name":"wp","href":"https:\/\/api.w.org\/{rel}","templated":true}]}}